{"id":142,"date":"2025-06-05T04:52:38","date_gmt":"2025-06-05T07:52:38","guid":{"rendered":"https:\/\/gnosi.com.br\/?page_id=142"},"modified":"2026-03-12T14:54:25","modified_gmt":"2026-03-12T17:54:25","slug":"pag-ia","status":"publish","type":"page","link":"https:\/\/gnosi.com.br\/index.php\/pag-ia\/","title":{"rendered":"Pag IA"},"content":{"rendered":"<div class=\"pmpro\">\n<div class=\"pmpro_card pmpro_content_message et_pb_row\">\n<h2 class=\"pmpro_card_title pmpro_font-large\"><svg xmlns=\"http:\/\/www.w3.org\/2000\/svg\" width=\"24\" height=\"24\" viewBox=\"0 0 24 24\" fill=\"none\" stroke=\"var(--pmpro--color--accent)\" stroke-width=\"2\" stroke-linecap=\"round\" stroke-linejoin=\"round\" class=\"feather feather-lock\"><rect x=\"3\" y=\"11\" width=\"18\" height=\"11\" rx=\"2\" ry=\"2\"><\/rect><path d=\"M7 11V7a5 5 0 0 1 10 0v4\"><\/path><\/svg>Associa\u00e7\u00e3o Obrigat\u00f3ria<\/h2>\n<div class=\"pmpro_card_content\">\n<p> Voc\u00ea precisa ser associado para ter acesso a este conte\u00fado.<\/p>\n<p><a class=\"pmpro_btn\" href=\"https:\/\/gnosi.com.br\/index.php\/niveis-de-associacao\/\">Ver os n\u00edveis de associa\u00e7\u00e3o<\/a><\/p>\n<\/div>\n<div class=\"pmpro_card_actions pmpro_font-medium\">J\u00e1 se associou? <a href=\"https:\/\/gnosi.com.br\/index.php\/login\/?redirect_to=https%3A%2F%2Fgnosi.com.br%2Findex.php%2Fpag-ia%2F\">Acesse aqui<\/a><\/div>\n<\/div>\n<\/div>\n","protected":false},"excerpt":{"rendered":"<div class=\"pmpro\"><div class=\"pmpro_card pmpro_content_message et_pb_row\"><h2 class=\"pmpro_card_title pmpro_font-large\"><svg xmlns=\"http:\/\/www.w3.org\/2000\/svg\" width=\"24\" height=\"24\" viewBox=\"0 0 24 24\" fill=\"none\" stroke=\"var(--pmpro--color--accent)\" stroke-width=\"2\" stroke-linecap=\"round\" stroke-linejoin=\"round\" class=\"feather feather-lock\"><rect x=\"3\" y=\"11\" width=\"18\" height=\"11\" rx=\"2\" ry=\"2\"><\/rect><path d=\"M7 11V7a5 5 0 0 1 10 0v4\"><\/path><\/svg>Associa\u00e7\u00e3o Obrigat\u00f3ria<\/h2><div class=\"pmpro_card_content\"><p> Voc\u00ea precisa ser associado para ter acesso a este conte\u00fado.<\/p><p><a class=\"pmpro_btn\" href=\"https:\/\/gnosi.com.br\/index.php\/niveis-de-associacao\/\">Ver os n\u00edveis de associa\u00e7\u00e3o<\/a><\/p><\/div><div class=\"pmpro_card_actions pmpro_font-medium\">J\u00e1 se associou? <a href=\"https:\/\/gnosi.com.br\/index.php\/login\/?redirect_to=https%3A%2F%2Fgnosi.com.br%2Findex.php%2Fpag-ia%2F\">Acesse aqui<\/a><\/div><\/div><\/div>","protected":false},"author":1,"featured_media":0,"parent":0,"menu_order":0,"comment_status":"closed","ping_status":"closed","template":"","meta":{"_acf_changed":false,"pmpro_default_level":"","footnotes":""},"dipi_cpt_category":[],"class_list":["post-142","page","type-page","status-publish","hentry","pmpro-level-required","pmpro-level-1","pmpro-level-2","pmpro-no-access"],"acf":[],"dsm_author":{"name":"AdminGnosi","avatar_url":"https:\/\/secure.gravatar.com\/avatar\/2d6473f5f71bf9acd74928459bbce6d21b453fd7c63ef5fdfa6ebbcf7eec4db5?s=96&d=mm&r=g","archive_link":"https:\/\/gnosi.com.br\/author\/admingnosi\/","biodata":""},"dsm_categories":[],"dsm_attachment_categories":[],"dsm_featured_image":null,"_links":{"self":[{"href":"https:\/\/gnosi.com.br\/index.php\/wp-json\/wp\/v2\/pages\/142","targetHints":{"allow":["GET"]}}],"collection":[{"href":"https:\/\/gnosi.com.br\/index.php\/wp-json\/wp\/v2\/pages"}],"about":[{"href":"https:\/\/gnosi.com.br\/index.php\/wp-json\/wp\/v2\/types\/page"}],"author":[{"embeddable":true,"href":"https:\/\/gnosi.com.br\/index.php\/wp-json\/wp\/v2\/users\/1"}],"replies":[{"embeddable":true,"href":"https:\/\/gnosi.com.br\/index.php\/wp-json\/wp\/v2\/comments?post=142"}],"version-history":[{"count":4,"href":"https:\/\/gnosi.com.br\/index.php\/wp-json\/wp\/v2\/pages\/142\/revisions"}],"predecessor-version":[{"id":253,"href":"https:\/\/gnosi.com.br\/index.php\/wp-json\/wp\/v2\/pages\/142\/revisions\/253"}],"wp:attachment":[{"href":"https:\/\/gnosi.com.br\/index.php\/wp-json\/wp\/v2\/media?parent=142"}],"wp:term":[{"taxonomy":"dipi_cpt_category","embeddable":true,"href":"https:\/\/gnosi.com.br\/index.php\/wp-json\/wp\/v2\/dipi_cpt_category?post=142"}],"curies":[{"name":"wp","href":"https:\/\/api.w.org\/{rel}","templated":true}]}}