{"id":216,"date":"2025-12-01T04:54:24","date_gmt":"2025-12-01T07:54:24","guid":{"rendered":"https:\/\/gnosi.com.br\/index.php\/niveis-de-associacao\/"},"modified":"2025-12-01T04:54:24","modified_gmt":"2025-12-01T07:54:24","slug":"niveis-de-associacao","status":"publish","type":"page","link":"https:\/\/gnosi.com.br\/index.php\/niveis-de-associacao\/","title":{"rendered":"N\u00edveis de associa\u00e7\u00e3o"},"content":{"rendered":"<p>[pmpro_levels]<\/p>\n","protected":false},"excerpt":{"rendered":"<p>[pmpro_levels]<\/p>\n","protected":false},"author":1,"featured_media":0,"parent":0,"menu_order":0,"comment_status":"closed","ping_status":"closed","template":"","meta":{"_acf_changed":false,"pmpro_default_level":"","footnotes":""},"dipi_cpt_category":[],"class_list":["post-216","page","type-page","status-publish","hentry","pmpro-has-access"],"acf":[],"dsm_author":{"name":"AdminGnosi","avatar_url":"https:\/\/secure.gravatar.com\/avatar\/2d6473f5f71bf9acd74928459bbce6d21b453fd7c63ef5fdfa6ebbcf7eec4db5?s=96&d=mm&r=g","archive_link":"https:\/\/gnosi.com.br\/author\/admingnosi\/","biodata":""},"dsm_categories":[],"dsm_attachment_categories":[],"dsm_featured_image":null,"_links":{"self":[{"href":"https:\/\/gnosi.com.br\/index.php\/wp-json\/wp\/v2\/pages\/216","targetHints":{"allow":["GET"]}}],"collection":[{"href":"https:\/\/gnosi.com.br\/index.php\/wp-json\/wp\/v2\/pages"}],"about":[{"href":"https:\/\/gnosi.com.br\/index.php\/wp-json\/wp\/v2\/types\/page"}],"author":[{"embeddable":true,"href":"https:\/\/gnosi.com.br\/index.php\/wp-json\/wp\/v2\/users\/1"}],"replies":[{"embeddable":true,"href":"https:\/\/gnosi.com.br\/index.php\/wp-json\/wp\/v2\/comments?post=216"}],"version-history":[{"count":0,"href":"https:\/\/gnosi.com.br\/index.php\/wp-json\/wp\/v2\/pages\/216\/revisions"}],"wp:attachment":[{"href":"https:\/\/gnosi.com.br\/index.php\/wp-json\/wp\/v2\/media?parent=216"}],"wp:term":[{"taxonomy":"dipi_cpt_category","embeddable":true,"href":"https:\/\/gnosi.com.br\/index.php\/wp-json\/wp\/v2\/dipi_cpt_category?post=216"}],"curies":[{"name":"wp","href":"https:\/\/api.w.org\/{rel}","templated":true}]}}