{"id":230,"date":"2025-12-04T14:56:55","date_gmt":"2025-12-04T17:56:55","guid":{"rendered":"https:\/\/gnosi.com.br\/?page_id=230"},"modified":"2026-03-12T14:54:30","modified_gmt":"2026-03-12T17:54:30","slug":"teste-modulos-divi","status":"publish","type":"page","link":"https:\/\/gnosi.com.br\/index.php\/teste-modulos-divi\/","title":{"rendered":"Teste M\u00f3dulos Divi"},"content":{"rendered":"\n<div class=\"et_pb_section_0 et_pb_section et_section_regular et_block_section\"><div class=\"et_pb_row_0 et_pb_row et_block_row\"><div class=\"et_pb_column_0 et_pb_column et_pb_column_1_2 et_block_column et_pb_css_mix_blend_mode_passthrough\"><div class=\"dnxte_next_text_glitch_0 dnxte_next_text_glitch et_pb_module\"><div class=\"dnxt-txt-glitch-wrap\"><div class=\"dnxt-glitch-text dnxt-glitch-animation-1\"><h1 class=\"dnxt-glitch-text_heading\" data-text=\"T\u00edtulo texto\">T\u00edtulo texto<\/h1><\/div><\/div><\/div><\/div><div class=\"et_pb_column_1 et_pb_column et_pb_column_1_2 et-last-child et_block_column et_pb_column_empty et_pb_css_mix_blend_mode_passthrough\"><\/div><\/div><div class=\"et_pb_row_1 et_pb_row et_block_row\"><div class=\"et_pb_column_2 et_pb_column et_pb_column_4_4 et-last-child et_block_column et_pb_css_mix_blend_mode_passthrough\"><div class=\"dnxte_button_0 dnxte_button et_pb_bg_layout_light et_pb_module\"><div class=\"et_pb_module_inner\"><div class=\"dnxt-button-wrapper dnxt_button_alignment_left dnxt_button_alignment_left_tablet dnxt_button_alignment_left_phone\"><a href=\"\" class=\"dnxt-btn-icon\">Bot\u00e3o de teste!<i>5<\/i><\/a><\/div><\/div><\/div><\/div><\/div><div class=\"et_pb_row_2 et_pb_row et_block_row\"><div class=\"et_pb_column_3 et_pb_column et_pb_column_4_4 et-last-child et_block_column et_pb_css_mix_blend_mode_passthrough\"><div class=\"et_pb_accordion_0 et_pb_accordion et_pb_module et_block_module\"><div class=\"et_pb_accordion_item_0 et_pb_accordion_item et_pb_toggle et_pb_module et_pb_toggle_open et_block_module\"><h5 class=\"et_pb_toggle_title\">Titulo 1 de algo<\/h5><div class=\"et_pb_toggle_content\"><p>Your content goes here. Edit or remove this text inline or in the module Content settings. You can also style every aspect of this content in the module Design settings and even apply custom CSS to this text in the module Advanced settings.<\/p>\n<\/div><\/div><div class=\"et_pb_accordion_item_1 et_pb_accordion_item et_pb_toggle et_pb_module et_pb_toggle_close et_block_module\"><h5 class=\"et_pb_toggle_title\">T\u00edtulo 2 de outro algo<\/h5><div class=\"et_pb_toggle_content\"><p>Conte\u00fado vem aqui com qualquer coisa escrita. Bla bla bla, bla bla bla, bla bla bla. Bla bla bla, bla bla bla, bla bla bla. Bla bla bla, bla bla bla, bla bla bla.\u00a0<\/p>\n<\/div><\/div><\/div><\/div><\/div><div class=\"et_pb_row_3 et_pb_row et_block_row\"><div class=\"et_pb_column_4 et_pb_column et_pb_column_4_4 et-last-child et_block_column et_pb_css_mix_blend_mode_passthrough\"><div class=\"dnxte_content_toggle_0 dnxte_content_toggle et_pb_module\"><div class=\"dnxte-toggle-container\">\n\t\t\t\t\t<div class=\"dnxte-toggle-header-section\">\n\t\t\t\t\t\t<div class=\"dnxte-toggle-wrapper \">\n\t\t\t\t\t\t\t<div class=\"dnxte-toggle-left-panel\">\n\t\t\t\t\t\t\t\t<div class=\"dnxte-toggle-title-left\">\n\t\t\t\t\t\t\t\t\t<label class=\"dnxte-toggle-heading-left\" for=\"dnxte-input-dnxte_content_toggle_0\">Algo o lado A<\/label>\n\t\t\t\t\t\t\t\t<\/div>\n\t\t\t\t\t\t\t<\/div>\n\t\t\t\t\t\t\t<div class=\"dnxte-toggle-btn\">\n\t\t\t\t\t<label class=\"dnxte-toggle-label\" for=\"dnxte-input-dnxte_content_toggle_0\">\n\t\t\t\t\t\t<input id=\"dnxte-input-dnxte_content_toggle_0\" class=\"dnxte-input dnxte-toggle-switch\" type=\"checkbox\">\n\t\t\t\t\t\t<span class=\"dnxte-toggle-inner\"><\/span>\n\t\t\t\t\t<\/label>\n\t\t\t\t<\/div>\n\t\t\t\t\t\t\t<div class=\"dnxte-toggle-right-panel\">\n\t\t\t\t\t\t\t\t<div class=\"dnxte-toggle-title-right\">\n\t\t\t\t\t\t\t\t\t<label class=\"dnxte-toggle-heading-right\" for=\"dnxte-input-dnxte_content_toggle_0\">Aqui o lado B<\/label>\n\t\t\t\t\t\t\t\t<\/div>\n\t\t\t\t\t\t\t<\/div>\n\t\t\t\t\t\t<\/div>\n\t\t\t\t\t<\/div>\n\t\t\t\t\t<div class=\"dnxte-content-body\">\n\t\t\t\t\t\t<div class=\"dnxte-content-toggle-front\"><p><strong>Aqui vem um texto para conte\u00fado A. Aqui vem um texto para conte\u00fado A. Aqui vem um texto para conte\u00fado A. Aqui vem um texto para conte\u00fado A. Aqui vem um texto para conte\u00fado A. Aqui vem um texto para conte\u00fado A. Aqui vem um texto para conte\u00fado A. Aqui vem um texto para conte\u00fado A. Aqui vem um texto para conte\u00fado A. Aqui vem um texto para conte\u00fado A. Aqui vem um texto para conte\u00fado A. Aqui vem um texto para conte\u00fado A. Aqui vem um texto para conte\u00fado A.<\/strong><\/p><\/div>\n\t\t\t\t\t\t<div class=\"dnxte-content-toggle-back\"><p>Mais texto aqui, do lado B dessa vez. Mais texto aqui, do lado B dessa vez. Mais texto aqui, do lado B dessa vez. Mais texto aqui, do lado B dessa vez.<\/p><\/div>\n\t\t\t\t\t<\/div>\n\t\t\t\t<\/div><\/div><\/div><\/div><div class=\"et_pb_row_4 et_pb_row et_block_row\"><div class=\"et_pb_column_5 et_pb_column et_pb_column_4_4 et-last-child et_block_column et_pb_css_mix_blend_mode_passthrough\"><div class=\"dnxte_next_blurb_0 dnxte_next_blurb et_pb_module\"><div class=\"example_static_module__inner\"><div class=\"dnxt-blurb-wrapper-outer  \" style=\"\"><div class=\"dnxt-blurb-wrapper dnxt-blurb-wrapper-one_image_placement_top-left\"><div class=\"dnxt-blurb-image dnxt-blurb-image_image_placement_top-left\"><img loading=\"lazy\" decoding=\"async\" src=\"https:\/\/gnosi.com.br\/wp-content\/uploads\/2025\/06\/art-therapist-07.jpg\" width=\"1080\" height=\"480\" srcset=\"https:\/\/gnosi.com.br\/wp-content\/uploads\/2025\/06\/art-therapist-07.jpg 1080w, https:\/\/gnosi.com.br\/wp-content\/uploads\/2025\/06\/art-therapist-07-980x436.jpg 980w, https:\/\/gnosi.com.br\/wp-content\/uploads\/2025\/06\/art-therapist-07-480x213.jpg 480w\" sizes=\"(min-width: 0px) and (max-width: 480px) 480px, (min-width: 481px) and (max-width: 980px) 980px, (min-width: 981px) 1080px, 100vw\" class=\"wp-image-156\" \/><\/div><div class=\"\"><div class=\"dnxt-blurb-container\"><div class=\"dnxt-blurb-heading-wrapper\"><h2 class=\"dnxt-blurb-heading\">O t\u00edtulo vem aqui. Sobre mim.<\/h2><\/div><div class=\"dnxt-blurb-description\"><p>Your content goes here. Edit or remove this text inline or in the module Content settings. You can also style every aspect of this content in the module Design settings and even apply custom CSS to this text in the module Advanced settings.<\/p><\/div><\/div><\/div><\/div><\/div><\/div><\/div><\/div><\/div><div class=\"et_pb_row_5 et_pb_row et_block_row\"><div class=\"et_pb_column_6 et_pb_column et_pb_column_4_4 et-last-child et_block_column et_pb_css_mix_blend_mode_passthrough\"><div class=\"dnxte_advanced_tab_0 dnxte_advanced_tab et_pb_module\"><div class=\"tab-container dnxte_tab_wrapper\">\n            <div class=\"dnxte_tab_menu\" data-tab-effect=\"none\">\n               <ul><li class=\"dnxte_advanced_tab_item_0\">\n                    <a href=\"#\"  class=\"dnxte_tab_a dnxt-hover-ad-none \"\n                        data-id=\"dnxte_advanced_tab_item_0\" data-activeOnLoad=\"off\" data-tab-effect=\"none\">\n                        \n                        \n                        <span class=\"dnxte_tab_nav_content\">\n                            <div class=\"dnxte_tab_nav_title\">Tab 1<\/div>\n                            <p class=\"dnxte_tab_nav_pra\">o que sera?<\/p>\n                        <\/span>\n                        <\/a>\n                    <\/li><li class=\"dnxte_advanced_tab_item_1\">\n                    <a href=\"#\"  class=\"dnxte_tab_a dnxt-hover-ad-none \"\n                        data-id=\"dnxte_advanced_tab_item_1\" data-activeOnLoad=\"off\" data-tab-effect=\"none\">\n                        \n                        \n                        <span class=\"dnxte_tab_nav_content\">\n                            <div class=\"dnxte_tab_nav_title\">Tab 2<\/div>\n                            <p class=\"dnxte_tab_nav_pra\">Seu conte\u00fado?<\/p>\n                        <\/span>\n                        <\/a>\n                    <\/li><\/ul>\n            <\/div>\n                <div class=\"dnxte_body_content_wrapper\">\n                    <div class=\"dnxte_advanced_tab_item_0 dnxte_advanced_tab_item et_pb_module\">\n            <div class=\"dnxte_tab_content\" data-id=\"dnxte_advanced_tab_item_0\">\n                \n                \n                <div class=\"dnxte_tab_content_slidebar_two\">\n                    \n                    <div class=\"dnxte_tab_content_pra\"><p>Aqui vem o texto do Tab 1. O que ser\u00e1? Texto, texto, texto.<\/p><\/div>\n                    <div class=\"dnxte_tab_content_button_wrap\">\n                        \n                    <\/div>\n                <\/div>\n            <\/div>\n\t\t<\/div><div class=\"dnxte_advanced_tab_item_1 dnxte_advanced_tab_item et_pb_module\">\n            <div class=\"dnxte_tab_content\" data-id=\"dnxte_advanced_tab_item_1\">\n                \n                \n                <div class=\"dnxte_tab_content_slidebar_two\">\n                    \n                    <div class=\"dnxte_tab_content_pra\"><p>Aqui o conte\u00fado da parte 2. O que ser\u00e1? vamos ver! Texto, texto, texto, texto!!!<\/p><\/div>\n                    <div class=\"dnxte_tab_content_button_wrap\">\n                        \n                    <\/div>\n                <\/div>\n            <\/div>\n\t\t<\/div>\n\t\t\t\t<\/div>\n            <\/div><\/div><\/div><\/div><div class=\"et_pb_row_6 et_pb_row et_block_row\"><div class=\"et_pb_column_7 et_pb_column et_pb_column_4_4 et-last-child et_block_column et_pb_css_mix_blend_mode_passthrough\"><div class=\"et_pb_contact_form_0 et_pb_contact_form_container clearfix et_pb_module et_flex_module\" data-form_unique_num=\"0\" data-form_unique_id=\"aeb7c557-f8ce-4be1-8773-e71e6bb54ac3\" id=\"et_pb_contact_form_aeb7c557-f8ce-4be1-8773-e71e6bb54ac3\"><h1 class=\"et_pb_contact_main_title\">Contato<\/h1><div class=\"et-pb-contact-message\"><\/div><div class=\"et_pb_contact\"><form class=\"et_pb_contact_form et_flex_module\" method=\"post\" action=\"https:\/\/gnosi.com.br\/index.php\/wp-json\/wp\/v2\/pages\/230\"><div class=\"et_pb_contact_field_0 et_pb_contact_field et_pb_module et_flex_module et_flex_column_12_24 et_flex_column_12_24_tablet et_flex_column_12_24_phone\" data-id=\"name\" data-type=\"input\"><label class=\"et_pb_contact_form_label\" for=\"et_pb_contact_0_name_0\">Nome<\/label><input type=\"text\" name=\"et_pb_contact_0_name_0\" id=\"et_pb_contact_0_name_0\" class=\"input\" data-required_mark=\"required\" data-field_type=\"input\" data-original_id=\"name\" placeholder=\"Nome\" title=\"\" value=\"\" \/><\/div><div class=\"et_pb_contact_field_1 et_pb_contact_field et_pb_module et_flex_module et_flex_column_12_24 et_flex_column_12_24_tablet et_flex_column_12_24_phone\" data-id=\"email\" data-type=\"email\"><label class=\"et_pb_contact_form_label\" for=\"et_pb_contact_0_email_1\">E-mail<\/label><input type=\"text\" name=\"et_pb_contact_0_email_1\" id=\"et_pb_contact_0_email_1\" class=\"input\" data-required_mark=\"required\" data-field_type=\"email\" data-original_id=\"email\" placeholder=\"E-mail\" title=\"\" value=\"\" \/><\/div><div class=\"et_pb_contact_field_2 et_pb_contact_field et_pb_module et_flex_module et_flex_column_24_24 et_flex_column_24_24_tablet et_flex_column_24_24_phone\" data-id=\"message\" data-type=\"text\"><label class=\"et_pb_contact_form_label\" for=\"et_pb_contact_0_message_2\">Mensagem<\/label><textarea name=\"et_pb_contact_0_message_2\" id=\"et_pb_contact_0_message_2\" class=\"et_pb_contact_message input\" data-required_mark=\"required\" data-field_type=\"text\" data-original_id=\"message\" placeholder=\"Mensagem\"><\/textarea><\/div><input type=\"hidden\" name=\"et_pb_contactform_submit_aeb7c557-f8ce-4be1-8773-e71e6bb54ac3\" value=\"et_contact_proccess\" \/><div class=\"et_contact_bottom_container\"><div class=\"et_pb_contact_right et_pb_contact_field\"><p class=\"clearfix\"><label><span class=\"et_pb_contact_captcha_question\">13 + 14<\/span> = <input type=\"text\" size=\"2\" class=\"input et_pb_contact_captcha\" data-first_digit=\"13\" data-second_digit=\"14\" data-required_mark=\"required\" name=\"et_pb_contact_captcha_aeb7c557-f8ce-4be1-8773-e71e6bb54ac3\" autocomplete=\"off\" \/><\/label><\/p><\/div><div class=\"et_pb_button_wrapper\"><button type=\"submit\" name=\"et_builder_submit_button\" class=\"et_pb_button et_pb_contact_submit\">Submit<\/button><\/div><\/div><input type=\"hidden\" id=\"_wpnonce-et-pb-contact-form-submitted-aeb7c557-f8ce-4be1-8773-e71e6bb54ac3\" name=\"_wpnonce-et-pb-contact-form-submitted-aeb7c557-f8ce-4be1-8773-e71e6bb54ac3\" value=\"cbaf6c4e12\" \/><input type=\"hidden\" name=\"_wp_http_referer\" value=\"\/index.php\/wp-json\/wp\/v2\/pages\/230\" \/><\/form><\/div><\/div><\/div><\/div><\/div>\n","protected":false},"excerpt":{"rendered":"","protected":false},"author":1,"featured_media":0,"parent":0,"menu_order":0,"comment_status":"closed","ping_status":"closed","template":"","meta":{"_acf_changed":false,"pmpro_default_level":"","footnotes":""},"dipi_cpt_category":[],"class_list":["post-230","page","type-page","status-publish","hentry","pmpro-has-access"],"acf":[],"dsm_author":{"name":"AdminGnosi","avatar_url":"https:\/\/secure.gravatar.com\/avatar\/2d6473f5f71bf9acd74928459bbce6d21b453fd7c63ef5fdfa6ebbcf7eec4db5?s=96&d=mm&r=g","archive_link":"https:\/\/gnosi.com.br\/author\/admingnosi\/","biodata":""},"dsm_categories":[],"dsm_attachment_categories":[],"dsm_featured_image":null,"_links":{"self":[{"href":"https:\/\/gnosi.com.br\/index.php\/wp-json\/wp\/v2\/pages\/230","targetHints":{"allow":["GET"]}}],"collection":[{"href":"https:\/\/gnosi.com.br\/index.php\/wp-json\/wp\/v2\/pages"}],"about":[{"href":"https:\/\/gnosi.com.br\/index.php\/wp-json\/wp\/v2\/types\/page"}],"author":[{"embeddable":true,"href":"https:\/\/gnosi.com.br\/index.php\/wp-json\/wp\/v2\/users\/1"}],"replies":[{"embeddable":true,"href":"https:\/\/gnosi.com.br\/index.php\/wp-json\/wp\/v2\/comments?post=230"}],"version-history":[{"count":5,"href":"https:\/\/gnosi.com.br\/index.php\/wp-json\/wp\/v2\/pages\/230\/revisions"}],"predecessor-version":[{"id":256,"href":"https:\/\/gnosi.com.br\/index.php\/wp-json\/wp\/v2\/pages\/230\/revisions\/256"}],"wp:attachment":[{"href":"https:\/\/gnosi.com.br\/index.php\/wp-json\/wp\/v2\/media?parent=230"}],"wp:term":[{"taxonomy":"dipi_cpt_category","embeddable":true,"href":"https:\/\/gnosi.com.br\/index.php\/wp-json\/wp\/v2\/dipi_cpt_category?post=230"}],"curies":[{"name":"wp","href":"https:\/\/api.w.org\/{rel}","templated":true}]}}